{"id":23935,"date":"2025-01-12T19:19:47","date_gmt":"2025-01-12T19:19:47","guid":{"rendered":"https:\/\/auto24.hr\/?page_id=23935"},"modified":"2025-01-12T20:21:31","modified_gmt":"2025-01-12T20:21:31","slug":"sell-your-vehicle","status":"publish","type":"page","link":"https:\/\/auto24.hr\/hr\/sell-your-vehicle\/","title":{"rendered":"Otkup vozila"},"content":{"rendered":"<div data-elementor-type=\"wp-page\" data-elementor-id=\"23935\" class=\"elementor elementor-23935\">\n\t\t\t\t<div class=\"elementor-element elementor-element-8697454 e-flex e-con-boxed e-con e-parent\" data-id=\"8697454\" data-element_type=\"container\">\n\t\t\t\t\t<div class=\"e-con-inner\">\n\t\t\t\t<div class=\"elementor-element elementor-element-9dfd823 elementor-widget elementor-widget-spacer\" data-id=\"9dfd823\" data-element_type=\"widget\" data-widget_type=\"spacer.default\">\n\t\t\t\t<div class=\"elementor-widget-container\">\n\t\t\t\t\t\t\t<div class=\"elementor-spacer\">\n\t\t\t<div class=\"elementor-spacer-inner\"><\/div>\n\t\t<\/div>\n\t\t\t\t\t\t<\/div>\n\t\t\t\t<\/div>\n\t\t\t\t<div class=\"elementor-element elementor-element-b53fc96 elementor-widget elementor-widget-heading\" data-id=\"b53fc96\" data-element_type=\"widget\" data-widget_type=\"heading.default\">\n\t\t\t\t<div class=\"elementor-widget-container\">\n\t\t\t\t\t<h1 class=\"elementor-heading-title elementor-size-default\">ZATRA\u017dITE NA\u0160U PONUDU<\/h1>\t\t\t\t<\/div>\n\t\t\t\t<\/div>\n\t\t\t\t<div class=\"elementor-element elementor-element-adfe159 elementor-widget elementor-widget-spacer\" data-id=\"adfe159\" data-element_type=\"widget\" data-widget_type=\"spacer.default\">\n\t\t\t\t<div class=\"elementor-widget-container\">\n\t\t\t\t\t\t\t<div class=\"elementor-spacer\">\n\t\t\t<div class=\"elementor-spacer-inner\"><\/div>\n\t\t<\/div>\n\t\t\t\t\t\t<\/div>\n\t\t\t\t<\/div>\n\t\t\t\t<div class=\"elementor-element elementor-element-f36bc9a elementor-widget elementor-widget-text-editor\" data-id=\"f36bc9a\" data-element_type=\"widget\" data-widget_type=\"text-editor.default\">\n\t\t\t\t<div class=\"elementor-widget-container\">\n\t\t\t\t\t\t\t\t\t<p>Niste zadovoljni sa iznosom koji su vam ponudili za va\u0161 razbijeni automobil? Zatra\u017eite na\u0161u ponudu \u2013\nbrzo i efikasno.<\/p><p>Nudimo fer tr\u017ei\u0161nu cijenu i brzu isplatu novca na va\u0161 ra\u010dun.<\/p>\t\t\t\t\t\t\t\t<\/div>\n\t\t\t\t<\/div>\n\t\t\t\t<div class=\"elementor-element elementor-element-a55eb0b elementor-widget elementor-widget-spacer\" data-id=\"a55eb0b\" data-element_type=\"widget\" data-widget_type=\"spacer.default\">\n\t\t\t\t<div class=\"elementor-widget-container\">\n\t\t\t\t\t\t\t<div class=\"elementor-spacer\">\n\t\t\t<div class=\"elementor-spacer-inner\"><\/div>\n\t\t<\/div>\n\t\t\t\t\t\t<\/div>\n\t\t\t\t<\/div>\n\t\t<div class=\"elementor-element elementor-element-4a64d08 e-con-full e-flex e-con e-child\" data-id=\"4a64d08\" data-element_type=\"container\">\n\t\t<div class=\"elementor-element elementor-element-c2717b1 e-grid e-con-full e-con e-child\" data-id=\"c2717b1\" data-element_type=\"container\">\n\t\t\t\t<div class=\"elementor-element elementor-element-c2d1b36 elementor-widget elementor-widget-image\" data-id=\"c2d1b36\" data-element_type=\"widget\" data-widget_type=\"image.default\">\n\t\t\t\t<div class=\"elementor-widget-container\">\n\t\t\t\t\t\t\t\t\t\t\t\t\t\t\t<img decoding=\"async\" src=\"https:\/\/auto24.hr\/wp-content\/uploads\/2025\/01\/offer-1.jpg\" title=\"offer-1\" alt=\"offer-1\" loading=\"lazy\" \/>\t\t\t\t\t\t\t\t\t\t\t\t\t\t\t<\/div>\n\t\t\t\t<\/div>\n\t\t\t\t<div class=\"elementor-element elementor-element-815c179 elementor-hidden-tablet elementor-hidden-mobile elementor-widget elementor-widget-image\" data-id=\"815c179\" data-element_type=\"widget\" data-widget_type=\"image.default\">\n\t\t\t\t<div class=\"elementor-widget-container\">\n\t\t\t\t\t\t\t\t\t\t\t\t\t\t\t<img fetchpriority=\"high\" decoding=\"async\" width=\"600\" height=\"606\" src=\"https:\/\/auto24.hr\/wp-content\/uploads\/2025\/01\/offer-2.jpg\" class=\"attachment-large size-large wp-image-23944\" alt=\"\" srcset=\"https:\/\/auto24.hr\/wp-content\/uploads\/2025\/01\/offer-2.jpg 704w, https:\/\/auto24.hr\/wp-content\/uploads\/2025\/01\/offer-2-297x300.jpg 297w, https:\/\/auto24.hr\/wp-content\/uploads\/2025\/01\/offer-2-12x12.jpg 12w, https:\/\/auto24.hr\/wp-content\/uploads\/2025\/01\/offer-2-100x100.jpg 100w, https:\/\/auto24.hr\/wp-content\/uploads\/2025\/01\/offer-2-165x167.jpg 165w\" sizes=\"(max-width: 600px) 100vw, 600px\" \/>\t\t\t\t\t\t\t\t\t\t\t\t\t\t\t<\/div>\n\t\t\t\t<\/div>\n\t\t\t\t<div class=\"elementor-element elementor-element-c2f0602 elementor-hidden-tablet elementor-hidden-mobile elementor-widget elementor-widget-image\" data-id=\"c2f0602\" data-element_type=\"widget\" data-widget_type=\"image.default\">\n\t\t\t\t<div class=\"elementor-widget-container\">\n\t\t\t\t\t\t\t\t\t\t\t\t\t\t\t<img decoding=\"async\" width=\"600\" height=\"606\" src=\"https:\/\/auto24.hr\/wp-content\/uploads\/2025\/01\/New-Project-1-3.jpg\" class=\"attachment-large size-large wp-image-23949\" alt=\"\" srcset=\"https:\/\/auto24.hr\/wp-content\/uploads\/2025\/01\/New-Project-1-3.jpg 704w, https:\/\/auto24.hr\/wp-content\/uploads\/2025\/01\/New-Project-1-3-297x300.jpg 297w, https:\/\/auto24.hr\/wp-content\/uploads\/2025\/01\/New-Project-1-3-12x12.jpg 12w, https:\/\/auto24.hr\/wp-content\/uploads\/2025\/01\/New-Project-1-3-100x100.jpg 100w, https:\/\/auto24.hr\/wp-content\/uploads\/2025\/01\/New-Project-1-3-165x167.jpg 165w\" sizes=\"(max-width: 600px) 100vw, 600px\" \/>\t\t\t\t\t\t\t\t\t\t\t\t\t\t\t<\/div>\n\t\t\t\t<\/div>\n\t\t\t\t<div class=\"elementor-element elementor-element-96e38f4 elementor-widget elementor-widget-heading\" data-id=\"96e38f4\" data-element_type=\"widget\" data-widget_type=\"heading.default\">\n\t\t\t\t<div class=\"elementor-widget-container\">\n\t\t\t\t\t<h2 class=\"elementor-heading-title elementor-size-default\">Niste zadovoljni sa iznosom za va\u0161 automobil?<\/h2>\t\t\t\t<\/div>\n\t\t\t\t<\/div>\n\t\t\t\t<div class=\"elementor-element elementor-element-f6ddb50 elementor-widget elementor-widget-heading\" data-id=\"f6ddb50\" data-element_type=\"widget\" data-widget_type=\"heading.default\">\n\t\t\t\t<div class=\"elementor-widget-container\">\n\t\t\t\t\t<h2 class=\"elementor-heading-title elementor-size-default\"><p>Zatra\u017eite na\u0161u ponudu \u2013 sti\u017ee unutar 24 sata<\/p><p><\/p><\/h2>\t\t\t\t<\/div>\n\t\t\t\t<\/div>\n\t\t\t\t<div class=\"elementor-element elementor-element-f3b6af2 elementor-widget elementor-widget-heading\" data-id=\"f3b6af2\" data-element_type=\"widget\" data-widget_type=\"heading.default\">\n\t\t\t\t<div class=\"elementor-widget-container\">\n\t\t\t\t\t<h2 class=\"elementor-heading-title elementor-size-default\"><div><div data-message-author-role=\"assistant\" data-message-id=\"7173e005-f132-48f3-b93d-99de1d9834b1\" dir=\"auto\" data-message-model-slug=\"gpt-4o\"><div><div><p>Brza isplata i preuzimanje va\u0161eg automobila<span style=\"font-size: 16px\"><\/span><\/p><\/div><\/div><\/div><\/div><\/h2>\t\t\t\t<\/div>\n\t\t\t\t<\/div>\n\t\t\t\t<\/div>\n\t\t\t\t<\/div>\n\t\t\t\t<div class=\"elementor-element elementor-element-e00d8e8 elementor-widget elementor-widget-spacer\" data-id=\"e00d8e8\" data-element_type=\"widget\" data-widget_type=\"spacer.default\">\n\t\t\t\t<div class=\"elementor-widget-container\">\n\t\t\t\t\t\t\t<div class=\"elementor-spacer\">\n\t\t\t<div class=\"elementor-spacer-inner\"><\/div>\n\t\t<\/div>\n\t\t\t\t\t\t<\/div>\n\t\t\t\t<\/div>\n\t\t\t\t\t<\/div>\n\t\t\t\t<\/div>\n\t\t<div class=\"elementor-element elementor-element-036f44b e-flex e-con-boxed e-con e-parent\" data-id=\"036f44b\" data-element_type=\"container\">\n\t\t\t\t\t<div class=\"e-con-inner\">\n\t\t\t\t<div class=\"elementor-element elementor-element-b55d2c4 elementor-align-center elementor-widget elementor-widget-button\" data-id=\"b55d2c4\" data-element_type=\"widget\" data-widget_type=\"button.default\">\n\t\t\t\t<div class=\"elementor-widget-container\">\n\t\t\t\t\t\t\t\t\t<div class=\"elementor-button-wrapper\">\n\t\t\t\t\t<a class=\"elementor-button elementor-button-link elementor-size-sm\" href=\"mailto:info@auto24.hr?subject=Ponuda za vozilo&amp;body=Podaci za moje vozilo -  Marka i model: \/ Motor: \/ Mjenja\u010d: \/ Snaga: \/ Prije\u0111eni km: \/  Registriran do: \/ Automobil se nalazi na adresi: \/ NAPOMENA: Prilo\u017eiti slike sve 4 strane vozila, 4 slike o\u0161te\u0107enja, sliku stanja kilometara i prometne dozvole\">\n\t\t\t\t\t\t<span class=\"elementor-button-content-wrapper\">\n\t\t\t\t\t\t\t\t\t<span class=\"elementor-button-text\">ZATRA\u017dI PONUDU ZA SVOJ AUTOMOBIL<\/span>\n\t\t\t\t\t<\/span>\n\t\t\t\t\t<\/a>\n\t\t\t\t<\/div>\n\t\t\t\t\t\t\t\t<\/div>\n\t\t\t\t<\/div>\n\t\t\t\t<div class=\"elementor-element elementor-element-c3f7e75 elementor-widget elementor-widget-spacer\" data-id=\"c3f7e75\" data-element_type=\"widget\" data-widget_type=\"spacer.default\">\n\t\t\t\t<div class=\"elementor-widget-container\">\n\t\t\t\t\t\t\t<div class=\"elementor-spacer\">\n\t\t\t<div class=\"elementor-spacer-inner\"><\/div>\n\t\t<\/div>\n\t\t\t\t\t\t<\/div>\n\t\t\t\t<\/div>\n\t\t\t\t\t<\/div>\n\t\t\t\t<\/div>\n\t\t\t\t<\/div>","protected":false},"excerpt":{"rendered":"<p>REQUEST OUR OFFER Not satisfied with the amount offered for your damaged car? Request our offer \u2013 quickly and efficiently. We offer a fair market price and a fast transfer of money to your account. Not satisfied with the offer for your car? Request our offer \u2013 it arrives within 24 hours Quick payment and [&hellip;]<\/p>","protected":false},"author":1,"featured_media":0,"parent":0,"menu_order":0,"comment_status":"closed","ping_status":"closed","template":"","meta":{"footnotes":""},"class_list":["post-23935","page","type-page","status-publish","hentry"],"yoast_head":"<!-- This site is optimized with the Yoast SEO plugin v24.6 - https:\/\/yoast.com\/wordpress\/plugins\/seo\/ -->\n<title>Sell your vehicle - Auto24<\/title>\n<meta name=\"robots\" content=\"index, follow, max-snippet:-1, max-image-preview:large, max-video-preview:-1\" \/>\n<link rel=\"canonical\" href=\"https:\/\/auto24.hr\/hr\/sell-your-vehicle\/\" \/>\n<meta property=\"og:locale\" content=\"hr_HR\" \/>\n<meta property=\"og:type\" content=\"article\" \/>\n<meta property=\"og:title\" content=\"Sell your vehicle - Auto24\" \/>\n<meta property=\"og:description\" content=\"REQUEST OUR OFFER Not satisfied with the amount offered for your damaged car? Request our offer \u2013 quickly and efficiently. We offer a fair market price and a fast transfer of money to your account. Not satisfied with the offer for your car? Request our offer \u2013 it arrives within 24 hours Quick payment and [&hellip;]\" \/>\n<meta property=\"og:url\" content=\"https:\/\/auto24.hr\/hr\/sell-your-vehicle\/\" \/>\n<meta property=\"og:site_name\" content=\"Auto24\" \/>\n<meta property=\"article:modified_time\" content=\"2025-01-12T20:21:31+00:00\" \/>\n<meta property=\"og:image\" content=\"https:\/\/auto24.hr\/wp-content\/uploads\/2025\/01\/offer-1.jpg\" \/>\n<meta name=\"twitter:card\" content=\"summary_large_image\" \/>\n<script type=\"application\/ld+json\" class=\"yoast-schema-graph\">{\"@context\":\"https:\/\/schema.org\",\"@graph\":[{\"@type\":\"WebPage\",\"@id\":\"https:\/\/auto24.hr\/sell-your-vehicle\/\",\"url\":\"https:\/\/auto24.hr\/sell-your-vehicle\/\",\"name\":\"Sell your vehicle - Auto24\",\"isPartOf\":{\"@id\":\"https:\/\/auto24.hr\/#website\"},\"primaryImageOfPage\":{\"@id\":\"https:\/\/auto24.hr\/sell-your-vehicle\/#primaryimage\"},\"image\":{\"@id\":\"https:\/\/auto24.hr\/sell-your-vehicle\/#primaryimage\"},\"thumbnailUrl\":\"https:\/\/auto24.hr\/wp-content\/uploads\/2025\/01\/offer-1.jpg\",\"datePublished\":\"2025-01-12T19:19:47+00:00\",\"dateModified\":\"2025-01-12T20:21:31+00:00\",\"breadcrumb\":{\"@id\":\"https:\/\/auto24.hr\/sell-your-vehicle\/#breadcrumb\"},\"inLanguage\":\"hr\",\"potentialAction\":[{\"@type\":\"ReadAction\",\"target\":[\"https:\/\/auto24.hr\/sell-your-vehicle\/\"]}]},{\"@type\":\"ImageObject\",\"inLanguage\":\"hr\",\"@id\":\"https:\/\/auto24.hr\/sell-your-vehicle\/#primaryimage\",\"url\":\"https:\/\/auto24.hr\/wp-content\/uploads\/2025\/01\/offer-1.jpg\",\"contentUrl\":\"https:\/\/auto24.hr\/wp-content\/uploads\/2025\/01\/offer-1.jpg\"},{\"@type\":\"BreadcrumbList\",\"@id\":\"https:\/\/auto24.hr\/sell-your-vehicle\/#breadcrumb\",\"itemListElement\":[{\"@type\":\"ListItem\",\"position\":1,\"name\":\"Home\",\"item\":\"https:\/\/auto24.hr\/\"},{\"@type\":\"ListItem\",\"position\":2,\"name\":\"Sell your vehicle\"}]},{\"@type\":\"WebSite\",\"@id\":\"https:\/\/auto24.hr\/#website\",\"url\":\"https:\/\/auto24.hr\/\",\"name\":\"Auto24\",\"description\":\"\",\"publisher\":{\"@id\":\"https:\/\/auto24.hr\/#organization\"},\"potentialAction\":[{\"@type\":\"SearchAction\",\"target\":{\"@type\":\"EntryPoint\",\"urlTemplate\":\"https:\/\/auto24.hr\/?s={search_term_string}\"},\"query-input\":{\"@type\":\"PropertyValueSpecification\",\"valueRequired\":true,\"valueName\":\"search_term_string\"}}],\"inLanguage\":\"hr\"},{\"@type\":\"Organization\",\"@id\":\"https:\/\/auto24.hr\/#organization\",\"name\":\"Auto24\",\"url\":\"https:\/\/auto24.hr\/\",\"logo\":{\"@type\":\"ImageObject\",\"inLanguage\":\"hr\",\"@id\":\"https:\/\/auto24.hr\/#\/schema\/logo\/image\/\",\"url\":\"https:\/\/auto24.hr\/wp-content\/uploads\/2025\/01\/a24bijeli.jpg\",\"contentUrl\":\"https:\/\/auto24.hr\/wp-content\/uploads\/2025\/01\/a24bijeli.jpg\",\"width\":614,\"height\":123,\"caption\":\"Auto24\"},\"image\":{\"@id\":\"https:\/\/auto24.hr\/#\/schema\/logo\/image\/\"}}]}<\/script>\n<!-- \/ Yoast SEO plugin. -->","yoast_head_json":{"title":"Sell your vehicle - Auto24","robots":{"index":"index","follow":"follow","max-snippet":"max-snippet:-1","max-image-preview":"max-image-preview:large","max-video-preview":"max-video-preview:-1"},"canonical":"https:\/\/auto24.hr\/hr\/sell-your-vehicle\/","og_locale":"hr_HR","og_type":"article","og_title":"Sell your vehicle - Auto24","og_description":"REQUEST OUR OFFER Not satisfied with the amount offered for your damaged car? Request our offer \u2013 quickly and efficiently. We offer a fair market price and a fast transfer of money to your account. Not satisfied with the offer for your car? Request our offer \u2013 it arrives within 24 hours Quick payment and [&hellip;]","og_url":"https:\/\/auto24.hr\/hr\/sell-your-vehicle\/","og_site_name":"Auto24","article_modified_time":"2025-01-12T20:21:31+00:00","og_image":[{"url":"https:\/\/auto24.hr\/wp-content\/uploads\/2025\/01\/offer-1.jpg","type":"","width":"","height":""}],"twitter_card":"summary_large_image","schema":{"@context":"https:\/\/schema.org","@graph":[{"@type":"WebPage","@id":"https:\/\/auto24.hr\/sell-your-vehicle\/","url":"https:\/\/auto24.hr\/sell-your-vehicle\/","name":"Sell your vehicle - Auto24","isPartOf":{"@id":"https:\/\/auto24.hr\/#website"},"primaryImageOfPage":{"@id":"https:\/\/auto24.hr\/sell-your-vehicle\/#primaryimage"},"image":{"@id":"https:\/\/auto24.hr\/sell-your-vehicle\/#primaryimage"},"thumbnailUrl":"https:\/\/auto24.hr\/wp-content\/uploads\/2025\/01\/offer-1.jpg","datePublished":"2025-01-12T19:19:47+00:00","dateModified":"2025-01-12T20:21:31+00:00","breadcrumb":{"@id":"https:\/\/auto24.hr\/sell-your-vehicle\/#breadcrumb"},"inLanguage":"hr","potentialAction":[{"@type":"ReadAction","target":["https:\/\/auto24.hr\/sell-your-vehicle\/"]}]},{"@type":"ImageObject","inLanguage":"hr","@id":"https:\/\/auto24.hr\/sell-your-vehicle\/#primaryimage","url":"https:\/\/auto24.hr\/wp-content\/uploads\/2025\/01\/offer-1.jpg","contentUrl":"https:\/\/auto24.hr\/wp-content\/uploads\/2025\/01\/offer-1.jpg"},{"@type":"BreadcrumbList","@id":"https:\/\/auto24.hr\/sell-your-vehicle\/#breadcrumb","itemListElement":[{"@type":"ListItem","position":1,"name":"Home","item":"https:\/\/auto24.hr\/"},{"@type":"ListItem","position":2,"name":"Sell your vehicle"}]},{"@type":"WebSite","@id":"https:\/\/auto24.hr\/#website","url":"https:\/\/auto24.hr\/","name":"Auto24","description":"","publisher":{"@id":"https:\/\/auto24.hr\/#organization"},"potentialAction":[{"@type":"SearchAction","target":{"@type":"EntryPoint","urlTemplate":"https:\/\/auto24.hr\/?s={search_term_string}"},"query-input":{"@type":"PropertyValueSpecification","valueRequired":true,"valueName":"search_term_string"}}],"inLanguage":"hr"},{"@type":"Organization","@id":"https:\/\/auto24.hr\/#organization","name":"Auto24","url":"https:\/\/auto24.hr\/","logo":{"@type":"ImageObject","inLanguage":"hr","@id":"https:\/\/auto24.hr\/#\/schema\/logo\/image\/","url":"https:\/\/auto24.hr\/wp-content\/uploads\/2025\/01\/a24bijeli.jpg","contentUrl":"https:\/\/auto24.hr\/wp-content\/uploads\/2025\/01\/a24bijeli.jpg","width":614,"height":123,"caption":"Auto24"},"image":{"@id":"https:\/\/auto24.hr\/#\/schema\/logo\/image\/"}}]}},"_links":{"self":[{"href":"https:\/\/auto24.hr\/hr\/wp-json\/wp\/v2\/pages\/23935","targetHints":{"allow":["GET"]}}],"collection":[{"href":"https:\/\/auto24.hr\/hr\/wp-json\/wp\/v2\/pages"}],"about":[{"href":"https:\/\/auto24.hr\/hr\/wp-json\/wp\/v2\/types\/page"}],"author":[{"embeddable":true,"href":"https:\/\/auto24.hr\/hr\/wp-json\/wp\/v2\/users\/1"}],"replies":[{"embeddable":true,"href":"https:\/\/auto24.hr\/hr\/wp-json\/wp\/v2\/comments?post=23935"}],"version-history":[{"count":34,"href":"https:\/\/auto24.hr\/hr\/wp-json\/wp\/v2\/pages\/23935\/revisions"}],"predecessor-version":[{"id":23982,"href":"https:\/\/auto24.hr\/hr\/wp-json\/wp\/v2\/pages\/23935\/revisions\/23982"}],"wp:attachment":[{"href":"https:\/\/auto24.hr\/hr\/wp-json\/wp\/v2\/media?parent=23935"}],"curies":[{"name":"wp","href":"https:\/\/api.w.org\/{rel}","templated":true}]}}