{"id":1525,"date":"2019-07-17T13:53:15","date_gmt":"2019-07-17T13:53:15","guid":{"rendered":"http:\/\/mycars.digitalatlas.io\/?page_id=1525"},"modified":"2025-02-02T18:57:40","modified_gmt":"2025-02-02T18:57:40","slug":"contact-us","status":"publish","type":"page","link":"https:\/\/auto24.hr\/hr\/contact-us\/","title":{"rendered":"Kontakt"},"content":{"rendered":"<div data-elementor-type=\"wp-post\" data-elementor-id=\"1525\" class=\"elementor elementor-1525\">\n\t\t\t\t\t\t<section class=\"elementor-section elementor-top-section elementor-element elementor-element-fc0979b elementor-section-boxed elementor-section-height-default elementor-section-height-default\" data-id=\"fc0979b\" data-element_type=\"section\">\n\t\t\t\t\t\t<div class=\"elementor-container elementor-column-gap-default\">\n\t\t\t\t\t<div class=\"elementor-column elementor-col-100 elementor-top-column elementor-element elementor-element-10be183\" data-id=\"10be183\" data-element_type=\"column\">\n\t\t\t<div class=\"elementor-widget-wrap elementor-element-populated\">\n\t\t\t\t\t\t<div class=\"elementor-element elementor-element-43a1c95 elementor-widget elementor-widget-spacer\" data-id=\"43a1c95\" data-element_type=\"widget\" data-widget_type=\"spacer.default\">\n\t\t\t\t<div class=\"elementor-widget-container\">\n\t\t\t\t\t\t\t<div class=\"elementor-spacer\">\n\t\t\t<div class=\"elementor-spacer-inner\"><\/div>\n\t\t<\/div>\n\t\t\t\t\t\t<\/div>\n\t\t\t\t<\/div>\n\t\t\t\t\t<\/div>\n\t\t<\/div>\n\t\t\t\t\t<\/div>\n\t\t<\/section>\n\t\t\t\t<section class=\"elementor-section elementor-top-section elementor-element elementor-element-6509ce9 elementor-section-boxed elementor-section-height-default elementor-section-height-default\" data-id=\"6509ce9\" data-element_type=\"section\">\n\t\t\t\t\t\t<div class=\"elementor-container elementor-column-gap-default\">\n\t\t\t\t\t<div class=\"elementor-column elementor-col-50 elementor-top-column elementor-element elementor-element-951cf7b\" data-id=\"951cf7b\" data-element_type=\"column\">\n\t\t\t<div class=\"elementor-widget-wrap elementor-element-populated\">\n\t\t\t\t\t\t<div class=\"elementor-element elementor-element-8de1214 elementor-widget elementor-widget-heading\" data-id=\"8de1214\" data-element_type=\"widget\" data-widget_type=\"heading.default\">\n\t\t\t\t<div class=\"elementor-widget-container\">\n\t\t\t\t\t<h1 class=\"elementor-heading-title elementor-size-default\">Kontaktirajte nas<\/h1>\t\t\t\t<\/div>\n\t\t\t\t<\/div>\n\t\t\t\t<div class=\"elementor-element elementor-element-0fb9abf elementor-widget elementor-widget-spacer\" data-id=\"0fb9abf\" data-element_type=\"widget\" data-widget_type=\"spacer.default\">\n\t\t\t\t<div class=\"elementor-widget-container\">\n\t\t\t\t\t\t\t<div class=\"elementor-spacer\">\n\t\t\t<div class=\"elementor-spacer-inner\"><\/div>\n\t\t<\/div>\n\t\t\t\t\t\t<\/div>\n\t\t\t\t<\/div>\n\t\t\t\t<div class=\"elementor-element elementor-element-371b2b4 elementor-widget__width-initial elementor-widget elementor-widget-vehica_short_info_general_widget\" data-id=\"371b2b4\" data-element_type=\"widget\" data-settings=\"{&quot;vehica_short_info_text_align_mobile&quot;:&quot;center&quot;}\" data-widget_type=\"vehica_short_info_general_widget.default\">\n\t\t\t\t<div class=\"elementor-widget-container\">\n\t\t\t\t\t    <div class=\"vehica-short-info\">\n        <div class=\"vehica-short-info__inner\">\n            Moj odabir. Na\u0161a misija je prona\u0107i idealan automobil koji zadovoljava sve \u017eelje. Automobil s kojim \u0107ete biti u potpunosti zadovoljni, automobil za kojim \u0107ete se okrenuti i baciti jo\u0161 jedan pogled prije nego vam iza\u0111e izvan vidokruga.\n\nSvaki automobil u na\u0161oj ponudi pomno je odabran, temeljito provjeren i pregledan te pripremljen za dugoro\u010dnu sigurnu i povoljnu eksploataciju. Bez skrivenih iznena\u0111enja.\n\nNa\u0161 odabir, ali u stvarnosti MOJ ODABIR!        <\/div>\n    <\/div>\n\t\t\t\t<\/div>\n\t\t\t\t<\/div>\n\t\t\t\t<div class=\"elementor-element elementor-element-abab244 elementor-widget elementor-widget-spacer\" data-id=\"abab244\" data-element_type=\"widget\" data-widget_type=\"spacer.default\">\n\t\t\t\t<div class=\"elementor-widget-container\">\n\t\t\t\t\t\t\t<div class=\"elementor-spacer\">\n\t\t\t<div class=\"elementor-spacer-inner\"><\/div>\n\t\t<\/div>\n\t\t\t\t\t\t<\/div>\n\t\t\t\t<\/div>\n\t\t\t\t<div class=\"elementor-element elementor-element-4a32d95 elementor-widget elementor-widget-google_maps\" data-id=\"4a32d95\" data-element_type=\"widget\" data-widget_type=\"google_maps.default\">\n\t\t\t\t<div class=\"elementor-widget-container\">\n\t\t\t\t\t\t\t<div class=\"elementor-custom-embed\">\n\t\t\t<iframe loading=\"lazy\"\n\t\t\t\t\tsrc=\"https:\/\/maps.google.com\/maps?q=Atuo24.hr%2C%20Ul.%20kneza%20Branimira%20193%2C%2010000%2C%20Zagreb&#038;t=m&#038;z=10&#038;output=embed&#038;iwloc=near\"\n\t\t\t\t\ttitle=\"Atuo24.hr, Ul. kneza Branimira 193, 10000, Zagreb\"\n\t\t\t\t\taria-label=\"Atuo24.hr, Ul. kneza Branimira 193, 10000, Zagreb\"\n\t\t\t><\/iframe>\n\t\t<\/div>\n\t\t\t\t\t\t<\/div>\n\t\t\t\t<\/div>\n\t\t\t\t<div class=\"elementor-element elementor-element-941cb45 elementor-widget elementor-widget-vehica_address_general_widget\" data-id=\"941cb45\" data-element_type=\"widget\" data-settings=\"{&quot;vehica_address_text_align_mobile&quot;:&quot;center&quot;}\" data-widget_type=\"vehica_address_general_widget.default\">\n\t\t\t\t<div class=\"elementor-widget-container\">\n\t\t\t\t\t    <div class=\"vehica-address\">\n        <a href=\"https:\/\/maps.google.com\/?q=Ul.+kneza+Branimira+193%2C%0D%0A10040+Zagreb\" target=\"_blank\">\n            <span>Ul. kneza Branimira 193,\r\n10040 Zagreb<\/span>\n        <\/a>\n    <\/div>\n\t\t\t\t<\/div>\n\t\t\t\t<\/div>\n\t\t\t\t<div class=\"elementor-element elementor-element-19f77d5 elementor-widget elementor-widget-spacer\" data-id=\"19f77d5\" data-element_type=\"widget\" data-widget_type=\"spacer.default\">\n\t\t\t\t<div class=\"elementor-widget-container\">\n\t\t\t\t\t\t\t<div class=\"elementor-spacer\">\n\t\t\t<div class=\"elementor-spacer-inner\"><\/div>\n\t\t<\/div>\n\t\t\t\t\t\t<\/div>\n\t\t\t\t<\/div>\n\t\t\t\t<div class=\"elementor-element elementor-element-9c44801 elementor-widget elementor-widget-vehica_phone_general_widget\" data-id=\"9c44801\" data-element_type=\"widget\" data-settings=\"{&quot;vehica_phone_text_align&quot;:&quot;left&quot;,&quot;vehica_phone_text_align_mobile&quot;:&quot;center&quot;}\" data-widget_type=\"vehica_phone_general_widget.default\">\n\t\t\t\t<div class=\"elementor-widget-container\">\n\t\t\t\t\t    <div class=\"vehica-phone\">\n        <div class=\"vehica-phone-v1\">\n            <a\n                    class=\"vehica-phone-highlight\"\n                    href=\"tel:+38598392622\"\n            >\n                +385 98 392 622            <\/a>\n        <\/div>\n    <\/div>\n\t\t\t\t<\/div>\n\t\t\t\t<\/div>\n\t\t\t\t<div class=\"elementor-element elementor-element-29172f4 elementor-widget elementor-widget-spacer\" data-id=\"29172f4\" data-element_type=\"widget\" data-widget_type=\"spacer.default\">\n\t\t\t\t<div class=\"elementor-widget-container\">\n\t\t\t\t\t\t\t<div class=\"elementor-spacer\">\n\t\t\t<div class=\"elementor-spacer-inner\"><\/div>\n\t\t<\/div>\n\t\t\t\t\t\t<\/div>\n\t\t\t\t<\/div>\n\t\t\t\t<div class=\"elementor-element elementor-element-92e9f03 elementor-widget elementor-widget-vehica_email_general_widget\" data-id=\"92e9f03\" data-element_type=\"widget\" data-settings=\"{&quot;vehica_email_text_align_mobile&quot;:&quot;center&quot;}\" data-widget_type=\"vehica_email_general_widget.default\">\n\t\t\t\t<div class=\"elementor-widget-container\">\n\t\t\t\t\t    <div class=\"vehica-email\">\n        <a href=\"mailto:info@auto24.hr\">\n                            <i class=\"fa fa-envelope\"><\/i>\n            \n            info@auto24.hr        <\/a>\n    <\/div>\n\t\t\t\t<\/div>\n\t\t\t\t<\/div>\n\t\t\t\t<div class=\"elementor-element elementor-element-eada953 elementor-widget elementor-widget-spacer\" data-id=\"eada953\" data-element_type=\"widget\" data-widget_type=\"spacer.default\">\n\t\t\t\t<div class=\"elementor-widget-container\">\n\t\t\t\t\t\t\t<div class=\"elementor-spacer\">\n\t\t\t<div class=\"elementor-spacer-inner\"><\/div>\n\t\t<\/div>\n\t\t\t\t\t\t<\/div>\n\t\t\t\t<\/div>\n\t\t\t\t<div class=\"elementor-element elementor-element-c38ea9e vehica-social-profiles-mobile-block elementor-widget elementor-widget-vehica_social_profiles_general_widget\" data-id=\"c38ea9e\" data-element_type=\"widget\" data-settings=\"{&quot;vehica_social_profiles_text_align_mobile&quot;:&quot;center&quot;}\" data-widget_type=\"vehica_social_profiles_general_widget.default\">\n\t\t\t\t<div class=\"elementor-widget-container\">\n\t\t\t\t\t<div class=\"vehica-social-profiles\">\n            <div class=\"vehica-social-profiles__v2\">\n            <div class=\"vehica-social-profiles__v2__inner\">\n                <div class=\"vehica-social-profiles__v2__title\">\n                    Follow us                <\/div>\n                                    <div class=\"vehica-social-icon\">\n                        <a\n                                href=\"https:\/\/www.facebook.com\/profile.php?id=61571017466753\"\n                                title=\"Facebook\"\n                                target=\"_blank\"\n                        >\n                            <svg xmlns=\"http:\/\/www.w3.org\/2000\/svg\" viewbox=\"0 0 320 512\">\n                                <!--!Font Awesome Free 6.5.1 by @fontawesome - https:\/\/fontawesome.com License - https:\/\/fontawesome.com\/license\/free Copyright 2024 Fonticons, Inc.-->\n                                <path d=\"M80 299.3V512H196V299.3h86.5l18-97.8H196V166.9c0-51.7 20.3-71.5 72.7-71.5c16.3 0 29.4 .4 37 1.2V7.9C291.4 4 256.4 0 236.2 0C129.3 0 80 50.5 80 159.4v42.1H14v97.8H80z\"\/>\n                            <\/svg>\n                        <\/a>\n                    <\/div>\n                \n                \n                                    <div class=\"vehica-social-icon\">\n                        <a\n                                href=\"https:\/\/www.instagram.com\/auto24.hr\/\"\n                                title=\"Instagram\"\n                                target=\"_blank\"\n                        >\n                            <svg xmlns=\"http:\/\/www.w3.org\/2000\/svg\" viewbox=\"0 0 448 512\">\n                                <!--!Font Awesome Free 6.5.1 by @fontawesome - https:\/\/fontawesome.com License - https:\/\/fontawesome.com\/license\/free Copyright 2024 Fonticons, Inc.-->\n                                <path d=\"M224.1 141c-63.6 0-114.9 51.3-114.9 114.9s51.3 114.9 114.9 114.9S339 319.5 339 255.9 287.7 141 224.1 141zm0 189.6c-41.1 0-74.7-33.5-74.7-74.7s33.5-74.7 74.7-74.7 74.7 33.5 74.7 74.7-33.6 74.7-74.7 74.7zm146.4-194.3c0 14.9-12 26.8-26.8 26.8-14.9 0-26.8-12-26.8-26.8s12-26.8 26.8-26.8 26.8 12 26.8 26.8zm76.1 27.2c-1.7-35.9-9.9-67.7-36.2-93.9-26.2-26.2-58-34.4-93.9-36.2-37-2.1-147.9-2.1-184.9 0-35.8 1.7-67.6 9.9-93.9 36.1s-34.4 58-36.2 93.9c-2.1 37-2.1 147.9 0 184.9 1.7 35.9 9.9 67.7 36.2 93.9s58 34.4 93.9 36.2c37 2.1 147.9 2.1 184.9 0 35.9-1.7 67.7-9.9 93.9-36.2 26.2-26.2 34.4-58 36.2-93.9 2.1-37 2.1-147.8 0-184.8zM398.8 388c-7.8 19.6-22.9 34.7-42.6 42.6-29.5 11.7-99.5 9-132.1 9s-102.7 2.6-132.1-9c-19.6-7.8-34.7-22.9-42.6-42.6-11.7-29.5-9-99.5-9-132.1s-2.6-102.7 9-132.1c7.8-19.6 22.9-34.7 42.6-42.6 29.5-11.7 99.5-9 132.1-9s102.7-2.6 132.1 9c19.6 7.8 34.7 22.9 42.6 42.6 11.7 29.5 9 99.5 9 132.1s2.7 102.7-9 132.1z\"\/>\n                            <\/svg>\n                        <\/a>\n                    <\/div>\n                \n                \n                \n                \n                            <\/div>\n        <\/div>\n    <\/div>\t\t\t\t<\/div>\n\t\t\t\t<\/div>\n\t\t\t\t\t<\/div>\n\t\t<\/div>\n\t\t\t\t<div class=\"elementor-column elementor-col-50 elementor-top-column elementor-element elementor-element-bc08349\" data-id=\"bc08349\" data-element_type=\"column\">\n\t\t\t<div class=\"elementor-widget-wrap elementor-element-populated\">\n\t\t\t\t\t\t<section class=\"elementor-section elementor-inner-section elementor-element elementor-element-635b438 vehica-contact-page-form elementor-section-boxed elementor-section-height-default elementor-section-height-default\" data-id=\"635b438\" data-element_type=\"section\">\n\t\t\t\t\t\t<div class=\"elementor-container elementor-column-gap-default\">\n\t\t\t\t\t<div class=\"elementor-column elementor-col-100 elementor-inner-column elementor-element elementor-element-a356fcf\" data-id=\"a356fcf\" data-element_type=\"column\" data-settings=\"{&quot;background_background&quot;:&quot;classic&quot;}\">\n\t\t\t<div class=\"elementor-widget-wrap elementor-element-populated\">\n\t\t\t\t\t\t<div class=\"elementor-element elementor-element-2a7c406 elementor-widget elementor-widget-vehica_contact_form_general_widget\" data-id=\"2a7c406\" data-element_type=\"widget\" data-widget_type=\"vehica_contact_form_general_widget.default\">\n\t\t\t\t<div class=\"elementor-widget-container\">\n\t\t\t\t\t<div class=\"vehica-contact-form\">\n    \n<div class=\"wpcf7 no-js\" id=\"wpcf7-f18047-o1\" lang=\"en-US\" dir=\"ltr\" data-wpcf7-id=\"18047\">\n<div class=\"screen-reader-response\"><p role=\"status\" aria-live=\"polite\" aria-atomic=\"true\"><\/p> <ul><\/ul><\/div>\n<form action=\"\/hr\/wp-json\/wp\/v2\/pages\/1525#wpcf7-f18047-o1\" method=\"post\" class=\"wpcf7-form init\" aria-label=\"Contact form\" novalidate=\"novalidate\" data-status=\"init\" data-trp-original-action=\"\/hr\/wp-json\/wp\/v2\/pages\/1525#wpcf7-f18047-o1\">\n<div style=\"display: none;\">\n<input type=\"hidden\" name=\"_wpcf7\" value=\"18047\" \/>\n<input type=\"hidden\" name=\"_wpcf7_version\" value=\"6.0.6\" \/>\n<input type=\"hidden\" name=\"_wpcf7_locale\" value=\"en_US\" \/>\n<input type=\"hidden\" name=\"_wpcf7_unit_tag\" value=\"wpcf7-f18047-o1\" \/>\n<input type=\"hidden\" name=\"_wpcf7_container_post\" value=\"0\" \/>\n<input type=\"hidden\" name=\"_wpcf7_posted_data_hash\" value=\"\" \/>\n<\/div>\n<div class=\"clearfix\">\n\t<div class=\"vehica-3-fields\">\n\t\t<div class=\"vehica-3-fields__left\">\n\t\t\t<p><span class=\"wpcf7-form-control-wrap\" data-name=\"your-name\"><input size=\"40\" maxlength=\"400\" class=\"wpcf7-form-control wpcf7-text\" aria-invalid=\"false\" placeholder=\"Ime\" value=\"\" type=\"text\" name=\"your-name\" \/><\/span>\n\t\t\t<\/p>\n\t\t<\/div>\n\t\t<div class=\"vehica-3-fields__middle\">\n\t\t\t<p><span class=\"wpcf7-form-control-wrap\" data-name=\"your-email\"><input size=\"40\" maxlength=\"400\" class=\"wpcf7-form-control wpcf7-email wpcf7-validates-as-required wpcf7-text wpcf7-validates-as-email\" aria-required=\"true\" aria-invalid=\"false\" placeholder=\"Email*\" value=\"\" type=\"email\" name=\"your-email\" \/><\/span>\n\t\t\t<\/p>\n\t\t<\/div>\n\t\t<div class=\"vehica-3-fields__right\">\n\t\t\t<p><span class=\"wpcf7-form-control-wrap\" data-name=\"your-phone\"><input size=\"40\" maxlength=\"400\" class=\"wpcf7-form-control wpcf7-text\" aria-invalid=\"false\" placeholder=\"Telefon\" value=\"\" type=\"text\" name=\"your-phone\" \/><\/span>\n\t\t\t<\/p>\n\t\t<\/div>\n\t<\/div>\n\t<p><span class=\"wpcf7-form-control-wrap\" data-name=\"your-message\"><textarea cols=\"40\" rows=\"10\" maxlength=\"2000\" class=\"wpcf7-form-control wpcf7-textarea wpcf7-validates-as-required\" aria-required=\"true\" aria-invalid=\"false\" placeholder=\"Poruka*\" name=\"your-message\"><\/textarea><\/span>\n\t<\/p>\n\t<div class=\"vehica-2-fields\">\n\t\t<div class=\"vehica-2-fields__left vehica-checkbox-policy\">\n\t\t\t<p><span class=\"wpcf7-form-control-wrap\" data-name=\"vehica-accept\"><span class=\"wpcf7-form-control wpcf7-acceptance\"><span class=\"wpcf7-list-item\"><label><input type=\"checkbox\" name=\"vehica-accept\" value=\"1\" aria-invalid=\"false\" \/><span class=\"wpcf7-list-item-label\">Prihva\u0107am <a href=\"#\">uvjete privatnosti<\/a><\/span><\/label><\/span><\/span><\/span>\n\t\t\t<\/p>\n\t\t<\/div>\n\t\t<div class=\"vehica-2-fields__right\">\n\t\t\t<p><button id=\"submit\" class=\"wpcf7-form-control wpcf7-submit vehica-button vehica-button--icon vehica-button--icon--send\">Po\u0161alji<\/button>\n\t\t\t<\/p>\n\t\t<\/div>\n\t<\/div>\n<\/div><div class=\"wpcf7-response-output\" aria-hidden=\"true\"><\/div>\n<input type=\"hidden\" name=\"trp-form-language\" value=\"hr\"\/><\/form>\n<\/div>\n<\/div>\n\t\t\t\t<\/div>\n\t\t\t\t<\/div>\n\t\t\t\t\t<\/div>\n\t\t<\/div>\n\t\t\t\t\t<\/div>\n\t\t<\/section>\n\t\t\t\t\t<\/div>\n\t\t<\/div>\n\t\t\t\t\t<\/div>\n\t\t<\/section>\n\t\t\t\t<section class=\"elementor-section elementor-top-section elementor-element elementor-element-c84dabf elementor-section-boxed elementor-section-height-default elementor-section-height-default\" data-id=\"c84dabf\" data-element_type=\"section\">\n\t\t\t\t\t\t<div class=\"elementor-container elementor-column-gap-default\">\n\t\t\t\t\t<div class=\"elementor-column elementor-col-100 elementor-top-column elementor-element elementor-element-15841aa\" data-id=\"15841aa\" data-element_type=\"column\">\n\t\t\t<div class=\"elementor-widget-wrap elementor-element-populated\">\n\t\t\t\t\t\t<div class=\"elementor-element elementor-element-afdef01 elementor-widget elementor-widget-spacer\" data-id=\"afdef01\" data-element_type=\"widget\" data-widget_type=\"spacer.default\">\n\t\t\t\t<div class=\"elementor-widget-container\">\n\t\t\t\t\t\t\t<div class=\"elementor-spacer\">\n\t\t\t<div class=\"elementor-spacer-inner\"><\/div>\n\t\t<\/div>\n\t\t\t\t\t\t<\/div>\n\t\t\t\t<\/div>\n\t\t\t\t<div class=\"elementor-element elementor-element-960bbf6 elementor-widget elementor-widget-vehica_map_general_widget\" data-id=\"960bbf6\" data-element_type=\"widget\" data-settings=\"{&quot;height_tablet&quot;:{&quot;unit&quot;:&quot;px&quot;,&quot;size&quot;:400,&quot;sizes&quot;:[]},&quot;height&quot;:{&quot;unit&quot;:&quot;px&quot;,&quot;size&quot;:640,&quot;sizes&quot;:[]},&quot;height_mobile&quot;:{&quot;unit&quot;:&quot;px&quot;,&quot;size&quot;:&quot;&quot;,&quot;sizes&quot;:[]},&quot;map_border_radius&quot;:{&quot;unit&quot;:&quot;px&quot;,&quot;top&quot;:&quot;&quot;,&quot;right&quot;:&quot;&quot;,&quot;bottom&quot;:&quot;&quot;,&quot;left&quot;:&quot;&quot;,&quot;isLinked&quot;:true},&quot;map_border_radius_tablet&quot;:{&quot;unit&quot;:&quot;px&quot;,&quot;top&quot;:&quot;&quot;,&quot;right&quot;:&quot;&quot;,&quot;bottom&quot;:&quot;&quot;,&quot;left&quot;:&quot;&quot;,&quot;isLinked&quot;:true},&quot;map_border_radius_mobile&quot;:{&quot;unit&quot;:&quot;px&quot;,&quot;top&quot;:&quot;&quot;,&quot;right&quot;:&quot;&quot;,&quot;bottom&quot;:&quot;&quot;,&quot;left&quot;:&quot;&quot;,&quot;isLinked&quot;:true}}\" data-widget_type=\"vehica_map_general_widget.default\">\n\t\t\t\t<div class=\"elementor-widget-container\">\n\t\t\t\t\t    <div class=\"vehica-map__no-api-key\">\n        <div class=\"vehica-map__no-api-key__inner\">\n            <div class=\"vehica-map__no-api-key__icon\">\n                <i class=\"fas fa-map-marked-alt\"><\/i>\n            <\/div>\n            <h3>You must add Google Maps API Key to display map<\/h3>\n            <p>You can do it in the \/wp-admin\/ &gt; Vehica Panel &gt; Google Maps<\/p>\n        <\/div>\n    <\/div>\n    \t\t\t\t<\/div>\n\t\t\t\t<\/div>\n\t\t\t\t<div class=\"elementor-element elementor-element-fd71c0b elementor-widget elementor-widget-spacer\" data-id=\"fd71c0b\" data-element_type=\"widget\" data-widget_type=\"spacer.default\">\n\t\t\t\t<div class=\"elementor-widget-container\">\n\t\t\t\t\t\t\t<div class=\"elementor-spacer\">\n\t\t\t<div class=\"elementor-spacer-inner\"><\/div>\n\t\t<\/div>\n\t\t\t\t\t\t<\/div>\n\t\t\t\t<\/div>\n\t\t\t\t\t<\/div>\n\t\t<\/div>\n\t\t\t\t\t<\/div>\n\t\t<\/section>\n\t\t\t\t<\/div>","protected":false},"excerpt":{"rendered":"<p>Contact us My Choice. Our mission is to find the ideal car that meets all your desires. A car that will make you completely satisfied, a car you&#039;ll turn around to catch one more glimpse of before it disappears from view. Every car in our offer is carefully selected, thoroughly inspected and checked, and prepared [&hellip;]<\/p>","protected":false},"author":1,"featured_media":0,"parent":0,"menu_order":0,"comment_status":"closed","ping_status":"closed","template":"","meta":{"footnotes":""},"class_list":["post-1525","page","type-page","status-publish","hentry"],"yoast_head":"<!-- This site is optimized with the Yoast SEO plugin v24.6 - https:\/\/yoast.com\/wordpress\/plugins\/seo\/ -->\n<title>Contact - Auto24<\/title>\n<meta name=\"robots\" content=\"index, follow, max-snippet:-1, max-image-preview:large, max-video-preview:-1\" \/>\n<link rel=\"canonical\" href=\"https:\/\/auto24.hr\/hr\/contact-us\/\" \/>\n<meta property=\"og:locale\" content=\"hr_HR\" \/>\n<meta property=\"og:type\" content=\"article\" \/>\n<meta property=\"og:title\" content=\"Contact - Auto24\" \/>\n<meta property=\"og:description\" content=\"Contact us My Choice. Our mission is to find the ideal car that meets all your desires. A car that will make you completely satisfied, a car you&#039;ll turn around to catch one more glimpse of before it disappears from view. Every car in our offer is carefully selected, thoroughly inspected and checked, and prepared [&hellip;]\" \/>\n<meta property=\"og:url\" content=\"https:\/\/auto24.hr\/hr\/contact-us\/\" \/>\n<meta property=\"og:site_name\" content=\"Auto24\" \/>\n<meta property=\"article:modified_time\" content=\"2025-02-02T18:57:40+00:00\" \/>\n<meta name=\"twitter:card\" content=\"summary_large_image\" \/>\n<meta name=\"twitter:label1\" content=\"Procijenjeno vrijeme \u010ditanja\" \/>\n\t<meta name=\"twitter:data1\" content=\"1 minuta\" \/>\n<script type=\"application\/ld+json\" class=\"yoast-schema-graph\">{\"@context\":\"https:\/\/schema.org\",\"@graph\":[{\"@type\":\"WebPage\",\"@id\":\"https:\/\/auto24.hr\/contact-us\/\",\"url\":\"https:\/\/auto24.hr\/contact-us\/\",\"name\":\"Contact - Auto24\",\"isPartOf\":{\"@id\":\"https:\/\/auto24.hr\/#website\"},\"datePublished\":\"2019-07-17T13:53:15+00:00\",\"dateModified\":\"2025-02-02T18:57:40+00:00\",\"breadcrumb\":{\"@id\":\"https:\/\/auto24.hr\/contact-us\/#breadcrumb\"},\"inLanguage\":\"hr\",\"potentialAction\":[{\"@type\":\"ReadAction\",\"target\":[\"https:\/\/auto24.hr\/contact-us\/\"]}]},{\"@type\":\"BreadcrumbList\",\"@id\":\"https:\/\/auto24.hr\/contact-us\/#breadcrumb\",\"itemListElement\":[{\"@type\":\"ListItem\",\"position\":1,\"name\":\"Home\",\"item\":\"https:\/\/auto24.hr\/\"},{\"@type\":\"ListItem\",\"position\":2,\"name\":\"Contact\"}]},{\"@type\":\"WebSite\",\"@id\":\"https:\/\/auto24.hr\/#website\",\"url\":\"https:\/\/auto24.hr\/\",\"name\":\"Auto24\",\"description\":\"\",\"publisher\":{\"@id\":\"https:\/\/auto24.hr\/#organization\"},\"potentialAction\":[{\"@type\":\"SearchAction\",\"target\":{\"@type\":\"EntryPoint\",\"urlTemplate\":\"https:\/\/auto24.hr\/?s={search_term_string}\"},\"query-input\":{\"@type\":\"PropertyValueSpecification\",\"valueRequired\":true,\"valueName\":\"search_term_string\"}}],\"inLanguage\":\"hr\"},{\"@type\":\"Organization\",\"@id\":\"https:\/\/auto24.hr\/#organization\",\"name\":\"Auto24\",\"url\":\"https:\/\/auto24.hr\/\",\"logo\":{\"@type\":\"ImageObject\",\"inLanguage\":\"hr\",\"@id\":\"https:\/\/auto24.hr\/#\/schema\/logo\/image\/\",\"url\":\"https:\/\/auto24.hr\/wp-content\/uploads\/2025\/01\/a24bijeli.jpg\",\"contentUrl\":\"https:\/\/auto24.hr\/wp-content\/uploads\/2025\/01\/a24bijeli.jpg\",\"width\":614,\"height\":123,\"caption\":\"Auto24\"},\"image\":{\"@id\":\"https:\/\/auto24.hr\/#\/schema\/logo\/image\/\"}}]}<\/script>\n<!-- \/ Yoast SEO plugin. -->","yoast_head_json":{"title":"Contact - Auto24","robots":{"index":"index","follow":"follow","max-snippet":"max-snippet:-1","max-image-preview":"max-image-preview:large","max-video-preview":"max-video-preview:-1"},"canonical":"https:\/\/auto24.hr\/hr\/contact-us\/","og_locale":"hr_HR","og_type":"article","og_title":"Contact - Auto24","og_description":"Contact us My Choice. Our mission is to find the ideal car that meets all your desires. A car that will make you completely satisfied, a car you&#039;ll turn around to catch one more glimpse of before it disappears from view. Every car in our offer is carefully selected, thoroughly inspected and checked, and prepared [&hellip;]","og_url":"https:\/\/auto24.hr\/hr\/contact-us\/","og_site_name":"Auto24","article_modified_time":"2025-02-02T18:57:40+00:00","twitter_card":"summary_large_image","twitter_misc":{"Procijenjeno vrijeme \u010ditanja":"1 minuta"},"schema":{"@context":"https:\/\/schema.org","@graph":[{"@type":"WebPage","@id":"https:\/\/auto24.hr\/contact-us\/","url":"https:\/\/auto24.hr\/contact-us\/","name":"Contact - Auto24","isPartOf":{"@id":"https:\/\/auto24.hr\/#website"},"datePublished":"2019-07-17T13:53:15+00:00","dateModified":"2025-02-02T18:57:40+00:00","breadcrumb":{"@id":"https:\/\/auto24.hr\/contact-us\/#breadcrumb"},"inLanguage":"hr","potentialAction":[{"@type":"ReadAction","target":["https:\/\/auto24.hr\/contact-us\/"]}]},{"@type":"BreadcrumbList","@id":"https:\/\/auto24.hr\/contact-us\/#breadcrumb","itemListElement":[{"@type":"ListItem","position":1,"name":"Home","item":"https:\/\/auto24.hr\/"},{"@type":"ListItem","position":2,"name":"Contact"}]},{"@type":"WebSite","@id":"https:\/\/auto24.hr\/#website","url":"https:\/\/auto24.hr\/","name":"Auto24","description":"","publisher":{"@id":"https:\/\/auto24.hr\/#organization"},"potentialAction":[{"@type":"SearchAction","target":{"@type":"EntryPoint","urlTemplate":"https:\/\/auto24.hr\/?s={search_term_string}"},"query-input":{"@type":"PropertyValueSpecification","valueRequired":true,"valueName":"search_term_string"}}],"inLanguage":"hr"},{"@type":"Organization","@id":"https:\/\/auto24.hr\/#organization","name":"Auto24","url":"https:\/\/auto24.hr\/","logo":{"@type":"ImageObject","inLanguage":"hr","@id":"https:\/\/auto24.hr\/#\/schema\/logo\/image\/","url":"https:\/\/auto24.hr\/wp-content\/uploads\/2025\/01\/a24bijeli.jpg","contentUrl":"https:\/\/auto24.hr\/wp-content\/uploads\/2025\/01\/a24bijeli.jpg","width":614,"height":123,"caption":"Auto24"},"image":{"@id":"https:\/\/auto24.hr\/#\/schema\/logo\/image\/"}}]}},"_links":{"self":[{"href":"https:\/\/auto24.hr\/hr\/wp-json\/wp\/v2\/pages\/1525","targetHints":{"allow":["GET"]}}],"collection":[{"href":"https:\/\/auto24.hr\/hr\/wp-json\/wp\/v2\/pages"}],"about":[{"href":"https:\/\/auto24.hr\/hr\/wp-json\/wp\/v2\/types\/page"}],"author":[{"embeddable":true,"href":"https:\/\/auto24.hr\/hr\/wp-json\/wp\/v2\/users\/1"}],"replies":[{"embeddable":true,"href":"https:\/\/auto24.hr\/hr\/wp-json\/wp\/v2\/comments?post=1525"}],"version-history":[{"count":12,"href":"https:\/\/auto24.hr\/hr\/wp-json\/wp\/v2\/pages\/1525\/revisions"}],"predecessor-version":[{"id":23997,"href":"https:\/\/auto24.hr\/hr\/wp-json\/wp\/v2\/pages\/1525\/revisions\/23997"}],"wp:attachment":[{"href":"https:\/\/auto24.hr\/hr\/wp-json\/wp\/v2\/media?parent=1525"}],"curies":[{"name":"wp","href":"https:\/\/api.w.org\/{rel}","templated":true}]}}